{"id":4376,"date":"2024-03-31T15:49:58","date_gmt":"2024-03-31T08:49:58","guid":{"rendered":"https:\/\/healthyway.vn\/?post_type=product&#038;p=4376"},"modified":"2025-11-27T06:58:57","modified_gmt":"2025-11-26T23:58:57","slug":"nu-tram-thao-moc","status":"publish","type":"product","link":"https:\/\/healthyway.vn\/en\/shop\/nu-tram-thao-moc\/","title":{"rendered":"PREMIUM ROYAL BUDS (25 BUDS\/BOX)"},"content":{"rendered":"","protected":false},"excerpt":{"rendered":"","protected":false},"featured_media":4430,"comment_status":"open","ping_status":"closed","template":"","meta":{"inline_featured_image":false},"product_cat":[92],"product_tag":[],"yoast_head":"<!-- This site is optimized with the Yoast SEO Premium plugin v15.9.2 - https:\/\/yoast.com\/wordpress\/plugins\/seo\/ -->\n<title>N\u1ee4 HO\u00c0NG \u0110\u00c0N TH\u01af\u1ee2NG H\u1ea0NG (25 N\u1ee4\/ H\u1ed8P) - Healthy Way<\/title>\n<link rel=\"canonical\" href=\"https:\/\/healthyway.vn\/en\/shop\/nu-tram-thao-moc\/\" \/>\n<meta property=\"og:locale\" content=\"en_US\" \/>\n<meta property=\"og:type\" content=\"article\" \/>\n<meta property=\"og:title\" content=\"N\u1ee4 HO\u00c0NG \u0110\u00c0N TH\u01af\u1ee2NG H\u1ea0NG (25 N\u1ee4\/ H\u1ed8P) - Healthy Way\" \/>\n<meta property=\"og:url\" content=\"https:\/\/healthyway.vn\/en\/shop\/nu-tram-thao-moc\/\" \/>\n<meta property=\"og:site_name\" content=\"Healthy Way\" \/>\n<meta property=\"article:modified_time\" content=\"2025-11-26T23:58:57+00:00\" \/>\n<meta property=\"og:image\" content=\"https:\/\/healthyway.vn\/wp-content\/uploads\/2024\/03\/z5642774371551_884edeb9106e1f3a95804442a7f86211.jpg\" \/>\n\t<meta property=\"og:image:width\" content=\"1280\" \/>\n\t<meta property=\"og:image:height\" content=\"1280\" \/>\n<meta name=\"twitter:card\" content=\"summary_large_image\" \/>\n<script type=\"application\/ld+json\" class=\"yoast-schema-graph\">{\"@context\":\"https:\/\/schema.org\",\"@graph\":[{\"@type\":\"WebSite\",\"@id\":\"https:\/\/healthyway.vn\/vi\/#website\",\"url\":\"https:\/\/healthyway.vn\/vi\/\",\"name\":\"Healthy Way\",\"description\":\"C\\u00f4ng ty C\\u1ed5 ph\\u1ea7n \\u0111\\u1ea7u t\\u01b0 Gia An Ph\\u00e1t\",\"potentialAction\":[{\"@type\":\"SearchAction\",\"target\":\"https:\/\/healthyway.vn\/vi\/?s={search_term_string}\",\"query-input\":\"required name=search_term_string\"}],\"inLanguage\":\"en-US\"},{\"@type\":\"ImageObject\",\"@id\":\"https:\/\/healthyway.vn\/shop\/nu-tram-thao-moc\/#primaryimage\",\"inLanguage\":\"en-US\",\"url\":\"https:\/\/healthyway.vn\/wp-content\/uploads\/2024\/03\/z5642774371551_884edeb9106e1f3a95804442a7f86211.jpg\",\"width\":1280,\"height\":1280},{\"@type\":\"WebPage\",\"@id\":\"https:\/\/healthyway.vn\/shop\/nu-tram-thao-moc\/#webpage\",\"url\":\"https:\/\/healthyway.vn\/shop\/nu-tram-thao-moc\/\",\"name\":\"N\\u1ee4 HO\\u00c0NG \\u0110\\u00c0N TH\\u01af\\u1ee2NG H\\u1ea0NG (25 N\\u1ee4\/ H\\u1ed8P) - Healthy Way\",\"isPartOf\":{\"@id\":\"https:\/\/healthyway.vn\/vi\/#website\"},\"primaryImageOfPage\":{\"@id\":\"https:\/\/healthyway.vn\/shop\/nu-tram-thao-moc\/#primaryimage\"},\"datePublished\":\"2024-03-31T08:49:58+00:00\",\"dateModified\":\"2025-11-26T23:58:57+00:00\",\"breadcrumb\":{\"@id\":\"https:\/\/healthyway.vn\/shop\/nu-tram-thao-moc\/#breadcrumb\"},\"inLanguage\":\"en-US\",\"potentialAction\":[{\"@type\":\"ReadAction\",\"target\":[\"https:\/\/healthyway.vn\/shop\/nu-tram-thao-moc\/\"]}]},{\"@type\":\"BreadcrumbList\",\"@id\":\"https:\/\/healthyway.vn\/shop\/nu-tram-thao-moc\/#breadcrumb\",\"itemListElement\":[{\"@type\":\"ListItem\",\"position\":1,\"item\":{\"@type\":\"WebPage\",\"@id\":\"https:\/\/healthyway.vn\/\",\"url\":\"https:\/\/healthyway.vn\/\",\"name\":\"Home\"}},{\"@type\":\"ListItem\",\"position\":2,\"item\":{\"@type\":\"WebPage\",\"@id\":\"https:\/\/healthyway.vn\/shop\/\",\"url\":\"https:\/\/healthyway.vn\/shop\/\",\"name\":\"Shop\"}},{\"@type\":\"ListItem\",\"position\":3,\"item\":{\"@type\":\"WebPage\",\"@id\":\"https:\/\/healthyway.vn\/shop\/nu-tram-thao-moc\/\",\"url\":\"https:\/\/healthyway.vn\/shop\/nu-tram-thao-moc\/\",\"name\":\"N\\u1ee4 HO\\u00c0NG \\u0110\\u00c0N TH\\u01af\\u1ee2NG H\\u1ea0NG (25 N\\u1ee4\/ H\\u1ed8P)\"}}]}]}<\/script>\n<!-- \/ Yoast SEO Premium plugin. -->","_links":{"self":[{"href":"https:\/\/healthyway.vn\/en\/wp-json\/wp\/v2\/product\/4376"}],"collection":[{"href":"https:\/\/healthyway.vn\/en\/wp-json\/wp\/v2\/product"}],"about":[{"href":"https:\/\/healthyway.vn\/en\/wp-json\/wp\/v2\/types\/product"}],"replies":[{"embeddable":true,"href":"https:\/\/healthyway.vn\/en\/wp-json\/wp\/v2\/comments?post=4376"}],"wp:featuredmedia":[{"embeddable":true,"href":"https:\/\/healthyway.vn\/en\/wp-json\/wp\/v2\/media\/4430"}],"wp:attachment":[{"href":"https:\/\/healthyway.vn\/en\/wp-json\/wp\/v2\/media?parent=4376"}],"wp:term":[{"taxonomy":"product_cat","embeddable":true,"href":"https:\/\/healthyway.vn\/en\/wp-json\/wp\/v2\/product_cat?post=4376"},{"taxonomy":"product_tag","embeddable":true,"href":"https:\/\/healthyway.vn\/en\/wp-json\/wp\/v2\/product_tag?post=4376"}],"curies":[{"name":"wp","href":"https:\/\/api.w.org\/{rel}","templated":true}]}}