{"id":4494,"date":"2024-09-30T11:01:14","date_gmt":"2024-09-30T04:01:14","guid":{"rendered":"https:\/\/healthyway.vn\/?page_id=4494"},"modified":"2024-09-30T11:15:38","modified_gmt":"2024-09-30T04:15:38","slug":"chinh-sach-doi-tra","status":"publish","type":"page","link":"https:\/\/healthyway.vn\/en\/chinh-sach-doi-tra\/","title":{"rendered":"Return policy"},"content":{"rendered":"<p>Kh\u00e1ch h\u00e0ng quay clip khi khui s\u1ea3n ph\u1ea9m. Cam \u0111oan \u0111\u1ec1n 100% n\u1ebfu h\u00e0ng kh\u00f4ng \u0111\u1ea3m b\u1ea3o ch\u1ea5t l\u01b0\u1ee3ng.<\/p>","protected":false},"excerpt":{"rendered":"<p>Kh\u00e1ch h\u00e0ng quay clip khi khui s\u1ea3n ph\u1ea9m. Cam \u0111oan \u0111\u1ec1n 100% n\u1ebfu h\u00e0ng kh\u00f4ng \u0111\u1ea3m b\u1ea3o ch\u1ea5t l\u01b0\u1ee3ng.<\/p>","protected":false},"author":1,"featured_media":0,"parent":0,"menu_order":0,"comment_status":"closed","ping_status":"closed","template":"","meta":{"inline_featured_image":false},"yoast_head":"<!-- This site is optimized with the Yoast SEO Premium plugin v15.9.2 - https:\/\/yoast.com\/wordpress\/plugins\/seo\/ -->\n<title>Ch\u00ednh s\u00e1ch \u0111\u1ed5i tr\u1ea3 - Healthy Way<\/title>\n<link rel=\"canonical\" href=\"https:\/\/healthyway.vn\/en\/chinh-sach-doi-tra\/\" \/>\n<meta property=\"og:locale\" content=\"en_US\" \/>\n<meta property=\"og:type\" content=\"article\" \/>\n<meta property=\"og:title\" content=\"Ch\u00ednh s\u00e1ch \u0111\u1ed5i tr\u1ea3 - Healthy Way\" \/>\n<meta property=\"og:description\" content=\"Kh\u00e1ch h\u00e0ng quay clip khi khui s\u1ea3n ph\u1ea9m. Cam \u0111oan \u0111\u1ec1n 100% n\u1ebfu h\u00e0ng kh\u00f4ng \u0111\u1ea3m b\u1ea3o ch\u1ea5t l\u01b0\u1ee3ng.\" \/>\n<meta property=\"og:url\" content=\"https:\/\/healthyway.vn\/en\/chinh-sach-doi-tra\/\" \/>\n<meta property=\"og:site_name\" content=\"Healthy Way\" \/>\n<meta property=\"article:modified_time\" content=\"2024-09-30T04:15:38+00:00\" \/>\n<meta name=\"twitter:card\" content=\"summary_large_image\" \/>\n<meta name=\"twitter:label1\" content=\"Est. reading time\">\n\t<meta name=\"twitter:data1\" content=\"1 minute\">\n<script type=\"application\/ld+json\" class=\"yoast-schema-graph\">{\"@context\":\"https:\/\/schema.org\",\"@graph\":[{\"@type\":\"WebSite\",\"@id\":\"https:\/\/healthyway.vn\/vi\/#website\",\"url\":\"https:\/\/healthyway.vn\/vi\/\",\"name\":\"Healthy Way\",\"description\":\"C\\u00f4ng ty C\\u1ed5 ph\\u1ea7n \\u0111\\u1ea7u t\\u01b0 Gia An Ph\\u00e1t\",\"potentialAction\":[{\"@type\":\"SearchAction\",\"target\":\"https:\/\/healthyway.vn\/vi\/?s={search_term_string}\",\"query-input\":\"required name=search_term_string\"}],\"inLanguage\":\"en-US\"},{\"@type\":\"WebPage\",\"@id\":\"https:\/\/healthyway.vn\/chinh-sach-doi-tra\/#webpage\",\"url\":\"https:\/\/healthyway.vn\/chinh-sach-doi-tra\/\",\"name\":\"Ch\\u00ednh s\\u00e1ch \\u0111\\u1ed5i tr\\u1ea3 - Healthy Way\",\"isPartOf\":{\"@id\":\"https:\/\/healthyway.vn\/vi\/#website\"},\"datePublished\":\"2024-09-30T04:01:14+00:00\",\"dateModified\":\"2024-09-30T04:15:38+00:00\",\"breadcrumb\":{\"@id\":\"https:\/\/healthyway.vn\/chinh-sach-doi-tra\/#breadcrumb\"},\"inLanguage\":\"en-US\",\"potentialAction\":[{\"@type\":\"ReadAction\",\"target\":[\"https:\/\/healthyway.vn\/chinh-sach-doi-tra\/\"]}]},{\"@type\":\"BreadcrumbList\",\"@id\":\"https:\/\/healthyway.vn\/chinh-sach-doi-tra\/#breadcrumb\",\"itemListElement\":[{\"@type\":\"ListItem\",\"position\":1,\"item\":{\"@type\":\"WebPage\",\"@id\":\"https:\/\/healthyway.vn\/\",\"url\":\"https:\/\/healthyway.vn\/\",\"name\":\"Home\"}},{\"@type\":\"ListItem\",\"position\":2,\"item\":{\"@type\":\"WebPage\",\"@id\":\"https:\/\/healthyway.vn\/chinh-sach-doi-tra\/\",\"url\":\"https:\/\/healthyway.vn\/chinh-sach-doi-tra\/\",\"name\":\"Ch\\u00ednh s\\u00e1ch \\u0111\\u1ed5i tr\\u1ea3\"}}]}]}<\/script>\n<!-- \/ Yoast SEO Premium plugin. -->","_links":{"self":[{"href":"https:\/\/healthyway.vn\/en\/wp-json\/wp\/v2\/pages\/4494"}],"collection":[{"href":"https:\/\/healthyway.vn\/en\/wp-json\/wp\/v2\/pages"}],"about":[{"href":"https:\/\/healthyway.vn\/en\/wp-json\/wp\/v2\/types\/page"}],"author":[{"embeddable":true,"href":"https:\/\/healthyway.vn\/en\/wp-json\/wp\/v2\/users\/1"}],"replies":[{"embeddable":true,"href":"https:\/\/healthyway.vn\/en\/wp-json\/wp\/v2\/comments?post=4494"}],"version-history":[{"count":2,"href":"https:\/\/healthyway.vn\/en\/wp-json\/wp\/v2\/pages\/4494\/revisions"}],"predecessor-version":[{"id":4512,"href":"https:\/\/healthyway.vn\/en\/wp-json\/wp\/v2\/pages\/4494\/revisions\/4512"}],"wp:attachment":[{"href":"https:\/\/healthyway.vn\/en\/wp-json\/wp\/v2\/media?parent=4494"}],"curies":[{"name":"wp","href":"https:\/\/api.w.org\/{rel}","templated":true}]}}