{"id":3,"date":"2022-06-02T09:26:31","date_gmt":"2022-06-02T09:26:31","guid":{"rendered":"http:\/\/healthyway.123websitedev.com\/?page_id=3"},"modified":"2024-09-30T11:17:01","modified_gmt":"2024-09-30T04:17:01","slug":"chinh-sach-bao-mat","status":"publish","type":"page","link":"https:\/\/healthyway.vn\/en\/chinh-sach-bao-mat\/","title":{"rendered":"Privacy Policy"},"content":{"rendered":"<p>Cam k\u1ebft b\u1ea3o m\u1eadt th\u00f4ng tin kh\u00e1ch h\u00e0ng nghi\u00eam ng\u1eb7t.<\/p>","protected":false},"excerpt":{"rendered":"<p>Cam k\u1ebft b\u1ea3o m\u1eadt th\u00f4ng tin kh\u00e1ch h\u00e0ng nghi\u00eam ng\u1eb7t.<\/p>","protected":false},"author":1,"featured_media":0,"parent":0,"menu_order":0,"comment_status":"closed","ping_status":"closed","template":"","meta":{"inline_featured_image":false},"yoast_head":"<!-- This site is optimized with the Yoast SEO Premium plugin v15.9.2 - https:\/\/yoast.com\/wordpress\/plugins\/seo\/ -->\n<title>Ch\u00ednh s\u00e1ch b\u1ea3o m\u1eadt - Healthy Way<\/title>\n<link rel=\"canonical\" href=\"https:\/\/healthyway.vn\/en\/chinh-sach-bao-mat\/\" \/>\n<meta property=\"og:locale\" content=\"en_US\" \/>\n<meta property=\"og:type\" content=\"article\" \/>\n<meta property=\"og:title\" content=\"Ch\u00ednh s\u00e1ch b\u1ea3o m\u1eadt - Healthy Way\" \/>\n<meta property=\"og:description\" content=\"Cam k\u1ebft b\u1ea3o m\u1eadt th\u00f4ng tin kh\u00e1ch h\u00e0ng nghi\u00eam ng\u1eb7t.\" \/>\n<meta property=\"og:url\" content=\"https:\/\/healthyway.vn\/en\/chinh-sach-bao-mat\/\" \/>\n<meta property=\"og:site_name\" content=\"Healthy Way\" \/>\n<meta property=\"article:modified_time\" content=\"2024-09-30T04:17:01+00:00\" \/>\n<meta name=\"twitter:card\" content=\"summary_large_image\" \/>\n<meta name=\"twitter:label1\" content=\"Est. reading time\">\n\t<meta name=\"twitter:data1\" content=\"1 minute\">\n<script type=\"application\/ld+json\" class=\"yoast-schema-graph\">{\"@context\":\"https:\/\/schema.org\",\"@graph\":[{\"@type\":\"WebSite\",\"@id\":\"https:\/\/healthyway.vn\/vi\/#website\",\"url\":\"https:\/\/healthyway.vn\/vi\/\",\"name\":\"Healthy Way\",\"description\":\"C\\u00f4ng ty C\\u1ed5 ph\\u1ea7n \\u0111\\u1ea7u t\\u01b0 Gia An Ph\\u00e1t\",\"potentialAction\":[{\"@type\":\"SearchAction\",\"target\":\"https:\/\/healthyway.vn\/vi\/?s={search_term_string}\",\"query-input\":\"required name=search_term_string\"}],\"inLanguage\":\"en-US\"},{\"@type\":\"WebPage\",\"@id\":\"https:\/\/healthyway.vn\/chinh-sach-bao-mat\/#webpage\",\"url\":\"https:\/\/healthyway.vn\/chinh-sach-bao-mat\/\",\"name\":\"Ch\\u00ednh s\\u00e1ch b\\u1ea3o m\\u1eadt - Healthy Way\",\"isPartOf\":{\"@id\":\"https:\/\/healthyway.vn\/vi\/#website\"},\"datePublished\":\"2022-06-02T09:26:31+00:00\",\"dateModified\":\"2024-09-30T04:17:01+00:00\",\"breadcrumb\":{\"@id\":\"https:\/\/healthyway.vn\/chinh-sach-bao-mat\/#breadcrumb\"},\"inLanguage\":\"en-US\",\"potentialAction\":[{\"@type\":\"ReadAction\",\"target\":[\"https:\/\/healthyway.vn\/chinh-sach-bao-mat\/\"]}]},{\"@type\":\"BreadcrumbList\",\"@id\":\"https:\/\/healthyway.vn\/chinh-sach-bao-mat\/#breadcrumb\",\"itemListElement\":[{\"@type\":\"ListItem\",\"position\":1,\"item\":{\"@type\":\"WebPage\",\"@id\":\"https:\/\/healthyway.vn\/\",\"url\":\"https:\/\/healthyway.vn\/\",\"name\":\"Home\"}},{\"@type\":\"ListItem\",\"position\":2,\"item\":{\"@type\":\"WebPage\",\"@id\":\"https:\/\/healthyway.vn\/chinh-sach-bao-mat\/\",\"url\":\"https:\/\/healthyway.vn\/chinh-sach-bao-mat\/\",\"name\":\"Ch\\u00ednh s\\u00e1ch b\\u1ea3o m\\u1eadt\"}}]}]}<\/script>\n<!-- \/ Yoast SEO Premium plugin. -->","_links":{"self":[{"href":"https:\/\/healthyway.vn\/en\/wp-json\/wp\/v2\/pages\/3"}],"collection":[{"href":"https:\/\/healthyway.vn\/en\/wp-json\/wp\/v2\/pages"}],"about":[{"href":"https:\/\/healthyway.vn\/en\/wp-json\/wp\/v2\/types\/page"}],"author":[{"embeddable":true,"href":"https:\/\/healthyway.vn\/en\/wp-json\/wp\/v2\/users\/1"}],"replies":[{"embeddable":true,"href":"https:\/\/healthyway.vn\/en\/wp-json\/wp\/v2\/comments?post=3"}],"version-history":[{"count":2,"href":"https:\/\/healthyway.vn\/en\/wp-json\/wp\/v2\/pages\/3\/revisions"}],"predecessor-version":[{"id":4513,"href":"https:\/\/healthyway.vn\/en\/wp-json\/wp\/v2\/pages\/3\/revisions\/4513"}],"wp:attachment":[{"href":"https:\/\/healthyway.vn\/en\/wp-json\/wp\/v2\/media?parent=3"}],"curies":[{"name":"wp","href":"https:\/\/api.w.org\/{rel}","templated":true}]}}